{"id":9,"date":"2024-05-08T18:07:55","date_gmt":"2024-05-08T18:07:55","guid":{"rendered":"http:\/\/agraml.local\/?page_id=9"},"modified":"2025-01-31T15:44:48","modified_gmt":"2025-01-31T14:44:48","slug":"accueil","status":"publish","type":"page","link":"https:\/\/agraml.fr\/","title":{"rendered":"Accueil"},"content":{"rendered":"\n<div class=\"wp-block-cover alignfull\" style=\"padding-right:var(--wp--preset--spacing--40);padding-left:var(--wp--preset--spacing--40);min-height:100vh;aspect-ratio:unset;\"><span aria-hidden=\"true\" class=\"wp-block-cover__background has-accent-5-background-color has-background-dim-0 has-background-dim\"><\/span><img loading=\"lazy\" decoding=\"async\" width=\"1024\" height=\"768\" class=\"wp-block-cover__image-background wp-image-222\" alt=\"\" src=\"https:\/\/agraml.fr\/wp-content\/uploads\/2025\/01\/IMG-20230510-WA0001.jpg\" data-object-fit=\"cover\" srcset=\"https:\/\/agraml.fr\/wp-content\/uploads\/2025\/01\/IMG-20230510-WA0001.jpg 1024w, https:\/\/agraml.fr\/wp-content\/uploads\/2025\/01\/IMG-20230510-WA0001-300x225.jpg 300w, https:\/\/agraml.fr\/wp-content\/uploads\/2025\/01\/IMG-20230510-WA0001-768x576.jpg 768w\" sizes=\"auto, (max-width: 1024px) 100vw, 1024px\" \/><div class=\"wp-block-cover__inner-container has-global-padding is-layout-constrained wp-container-core-cover-is-layout-97829e9f wp-block-cover-is-layout-constrained\">\n<div class=\"wp-block-group alignwide has-border-color has-background is-vertical is-content-justification-stretch is-layout-flex wp-container-core-group-is-layout-d1cc24e2 wp-block-group-is-layout-flex\" style=\"border-color:#ffffff00;border-width:24px;border-radius:25px;background-color:#ffffffc4\">\n<h4 class=\"wp-block-heading has-text-align-center is-style-default has-contrast-color has-text-color has-link-color wp-elements-b72a83cd803bf87cadf72b58a205f1a9\"><strong>Bienvenue sur le site de la R\u00e9sidence Jacques Pagliero,&nbsp;<br>Campus Arts et M\u00e9tiers de Lille<\/strong><\/h4>\n\n\n\n<p class=\"has-contrast-color has-text-color has-link-color has-medium-font-size wp-elements-3c10dfbe7ccd1b49a79be8d687bac1c5\">Inaugur\u00e9e le 3 mai 2004, la r\u00e9sidence Jacques Pagliero est situ\u00e9e au sein m\u00eame du campus Arts et M\u00e9tiers de Lille, en plein c\u0153ur de la capitale des Flandres. <br>Depuis ao\u00fbt 2023, la gestion de la r\u00e9sidence est confi\u00e9e \u00e0 une Association loi 1901, \u00e0 but non lucratif, l&rsquo;AGRAML (Association de Gestion de la R\u00e9sidence des Arts et M\u00e9tiers de Lille) dont le bureau est constitu\u00e9 d&rsquo;anciens \u00e9l\u00e8ves de l&rsquo;\u00e9cole, membres de la Soci\u00e9t\u00e9 des Ing\u00e9nieurs Arts et M\u00e9tiers. <br>Accueillant en priorit\u00e9 les \u00e9l\u00e8ves de 1\u00e8re , 2\u00e8me et 3\u00e8me ann\u00e9e du Programme Grande Ecole (PGE), la r\u00e9sidence est fi\u00e8re d\u2019accueillir chaque ann\u00e9e 251 \u00e9l\u00e8ves ing\u00e9nieurs.<\/p>\n<\/div>\n<\/div><\/div>\n\n\n\n<div class=\"wp-block-group has-base-2-background-color has-background has-global-padding is-layout-constrained wp-container-core-group-is-layout-7bcabc6a wp-block-group-is-layout-constrained\" style=\"border-style:none;border-width:0px;margin-top:0;margin-bottom:0;padding-right:0;padding-left:0\">\n<h2 class=\"wp-block-heading alignwide has-text-align-center\">La r\u00e9sidence en images<\/h2>\n<\/div>\n\n\n\n<figure class=\"wp-block-video\"><video height=\"1080\" style=\"aspect-ratio: 1920 \/ 1080;\" width=\"1920\" controls src=\"https:\/\/testagraml.fr\/wp-content\/uploads\/2024\/08\/video-rez.mp4\"><\/video><\/figure>\n","protected":false},"excerpt":{"rendered":"<p>La r\u00e9sidence en images<\/p>\n","protected":false},"author":2,"featured_media":0,"parent":0,"menu_order":0,"comment_status":"closed","ping_status":"closed","template":"","meta":{"_eb_attr":"","footnotes":""},"class_list":["post-9","page","type-page","status-publish","hentry"],"_links":{"self":[{"href":"https:\/\/agraml.fr\/index.php\/wp-json\/wp\/v2\/pages\/9","targetHints":{"allow":["GET"]}}],"collection":[{"href":"https:\/\/agraml.fr\/index.php\/wp-json\/wp\/v2\/pages"}],"about":[{"href":"https:\/\/agraml.fr\/index.php\/wp-json\/wp\/v2\/types\/page"}],"author":[{"embeddable":true,"href":"https:\/\/agraml.fr\/index.php\/wp-json\/wp\/v2\/users\/2"}],"replies":[{"embeddable":true,"href":"https:\/\/agraml.fr\/index.php\/wp-json\/wp\/v2\/comments?post=9"}],"version-history":[{"count":6,"href":"https:\/\/agraml.fr\/index.php\/wp-json\/wp\/v2\/pages\/9\/revisions"}],"predecessor-version":[{"id":291,"href":"https:\/\/agraml.fr\/index.php\/wp-json\/wp\/v2\/pages\/9\/revisions\/291"}],"wp:attachment":[{"href":"https:\/\/agraml.fr\/index.php\/wp-json\/wp\/v2\/media?parent=9"}],"curies":[{"name":"wp","href":"https:\/\/api.w.org\/{rel}","templated":true}]}}